{"id":6124,"date":"2025-03-19T10:23:49","date_gmt":"2025-03-19T09:23:49","guid":{"rendered":"https:\/\/bimscreation.com\/?post_type=product&#038;p=6124"},"modified":"2025-08-09T15:35:14","modified_gmt":"2025-08-09T14:35:14","slug":"farha","status":"publish","type":"product","link":"https:\/\/bimscreation.com\/index.php\/product\/farha\/","title":{"rendered":"FARHA"},"content":{"rendered":"<p>De son nom (FARHA) qui veut dire la \u00ab\u00a0joie\u00a0\u00bb en langue arabe, ce sac mesurant 9*21*27cm deviendra votre meilleur compagnon au quotidien tout en vous procurant gaiet\u00e9, allure \u00e9l\u00e9gante et assurance.<\/p>\n","protected":false},"excerpt":{"rendered":"<p>De son nom (FARHA) qui veut dire la \u00ab\u00a0joie\u00a0\u00bb en langue arabe, ce sac mesurant 9*21*27cm deviendra votre meilleur compagnon au quotidien tout en vous procurant gaiet\u00e9, allure \u00e9l\u00e9gante et assurance.<\/p>\n","protected":false},"featured_media":6122,"comment_status":"open","ping_status":"closed","template":"","meta":{"om_disable_all_campaigns":false,"_monsterinsights_skip_tracking":false,"_monsterinsights_sitenote_active":false,"_monsterinsights_sitenote_note":"","_monsterinsights_sitenote_category":0,"site-sidebar-layout":"default","site-content-layout":"","ast-site-content-layout":"default","site-content-style":"default","site-sidebar-style":"default","ast-global-header-display":"","ast-banner-title-visibility":"","ast-main-header-display":"","ast-hfb-above-header-display":"","ast-hfb-below-header-display":"","ast-hfb-mobile-header-display":"","site-post-title":"","ast-breadcrumbs-content":"","ast-featured-img":"","footer-sml-layout":"","theme-transparent-header-meta":"default","adv-header-id-meta":"","stick-header-meta":"","header-above-stick-meta":"","header-main-stick-meta":"","header-below-stick-meta":"","astra-migrate-meta-layouts":"set","ast-page-background-enabled":"default","ast-page-background-meta":{"desktop":{"background-color":"var(--ast-global-color-4)","background-image":"","background-repeat":"repeat","background-position":"center center","background-size":"auto","background-attachment":"scroll","background-type":"","background-media":"","overlay-type":"","overlay-color":"","overlay-gradient":""},"tablet":{"background-color":"","background-image":"","background-repeat":"repeat","background-position":"center center","background-size":"auto","background-attachment":"scroll","background-type":"","background-media":"","overlay-type":"","overlay-color":"","overlay-gradient":""},"mobile":{"background-color":"","background-image":"","background-repeat":"repeat","background-position":"center center","background-size":"auto","background-attachment":"scroll","background-type":"","background-media":"","overlay-type":"","overlay-color":"","overlay-gradient":""}},"ast-content-background-meta":{"desktop":{"background-color":"var(--ast-global-color-5)","background-image":"","background-repeat":"repeat","background-position":"center center","background-size":"auto","background-attachment":"scroll","background-type":"","background-media":"","overlay-type":"","overlay-color":"","overlay-gradient":""},"tablet":{"background-color":"var(--ast-global-color-5)","background-image":"","background-repeat":"repeat","background-position":"center center","background-size":"auto","background-attachment":"scroll","background-type":"","background-media":"","overlay-type":"","overlay-color":"","overlay-gradient":""},"mobile":{"background-color":"var(--ast-global-color-5)","background-image":"","background-repeat":"repeat","background-position":"center center","background-size":"auto","background-attachment":"scroll","background-type":"","background-media":"","overlay-type":"","overlay-color":"","overlay-gradient":""}}},"product_cat":[116],"product_tag":[115],"jetpack_sharing_enabled":true,"_links":{"self":[{"href":"https:\/\/bimscreation.com\/index.php\/wp-json\/wp\/v2\/product\/6124"}],"collection":[{"href":"https:\/\/bimscreation.com\/index.php\/wp-json\/wp\/v2\/product"}],"about":[{"href":"https:\/\/bimscreation.com\/index.php\/wp-json\/wp\/v2\/types\/product"}],"replies":[{"embeddable":true,"href":"https:\/\/bimscreation.com\/index.php\/wp-json\/wp\/v2\/comments?post=6124"}],"wp:featuredmedia":[{"embeddable":true,"href":"https:\/\/bimscreation.com\/index.php\/wp-json\/wp\/v2\/media\/6122"}],"wp:attachment":[{"href":"https:\/\/bimscreation.com\/index.php\/wp-json\/wp\/v2\/media?parent=6124"}],"wp:term":[{"taxonomy":"product_cat","embeddable":true,"href":"https:\/\/bimscreation.com\/index.php\/wp-json\/wp\/v2\/product_cat?post=6124"},{"taxonomy":"product_tag","embeddable":true,"href":"https:\/\/bimscreation.com\/index.php\/wp-json\/wp\/v2\/product_tag?post=6124"}],"curies":[{"name":"wp","href":"https:\/\/api.w.org\/{rel}","templated":true}]}}