{"id":6205,"date":"2025-03-19T12:51:50","date_gmt":"2025-03-19T11:51:50","guid":{"rendered":"https:\/\/bimscreation.com\/?post_type=product&#038;p=6205"},"modified":"2025-09-24T04:27:58","modified_gmt":"2025-09-24T03:27:58","slug":"great-woman-medium-size","status":"publish","type":"product","link":"https:\/\/bimscreation.com\/index.php\/product\/great-woman-medium-size\/","title":{"rendered":"Great Woman (medium size)"},"content":{"rendered":"<p>Je suis le fameux sac \u00ab GREAT WOMAN \u00bb. De ma belle forme bien ronde qui me rend assez chic et spacieux, je suis l\u2019un des meilleurs accessoires pour embellir votre look et garder en toute s\u00e9curit\u00e9 vos objets au quotidien ! Je suis enti\u00e8rement du \u00ab handmade \u00bb et mesure 17*27cm.<\/p>\n","protected":false},"excerpt":{"rendered":"<p>Je suis le fameux sac \u00ab GREAT WOMAN \u00bb. De ma belle forme bien ronde qui me rend assez chic et spacieux, je suis l\u2019un des meilleurs accessoires pour embellir votre look et garder en toute s\u00e9curit\u00e9 vos objets au quotidien ! Je suis enti\u00e8rement du \u00ab handmade \u00bb et mesure 17*27cm.<\/p>\n","protected":false},"featured_media":6230,"comment_status":"open","ping_status":"closed","template":"","meta":{"om_disable_all_campaigns":false,"_monsterinsights_skip_tracking":false,"_monsterinsights_sitenote_active":false,"_monsterinsights_sitenote_note":"","_monsterinsights_sitenote_category":0,"site-sidebar-layout":"default","site-content-layout":"","ast-site-content-layout":"default","site-content-style":"default","site-sidebar-style":"default","ast-global-header-display":"","ast-banner-title-visibility":"","ast-main-header-display":"","ast-hfb-above-header-display":"","ast-hfb-below-header-display":"","ast-hfb-mobile-header-display":"","site-post-title":"","ast-breadcrumbs-content":"","ast-featured-img":"","footer-sml-layout":"","theme-transparent-header-meta":"default","adv-header-id-meta":"","stick-header-meta":"","header-above-stick-meta":"","header-main-stick-meta":"","header-below-stick-meta":"","astra-migrate-meta-layouts":"set","ast-page-background-enabled":"default","ast-page-background-meta":{"desktop":{"background-color":"var(--ast-global-color-4)","background-image":"","background-repeat":"repeat","background-position":"center center","background-size":"auto","background-attachment":"scroll","background-type":"","background-media":"","overlay-type":"","overlay-color":"","overlay-gradient":""},"tablet":{"background-color":"","background-image":"","background-repeat":"repeat","background-position":"center center","background-size":"auto","background-attachment":"scroll","background-type":"","background-media":"","overlay-type":"","overlay-color":"","overlay-gradient":""},"mobile":{"background-color":"","background-image":"","background-repeat":"repeat","background-position":"center center","background-size":"auto","background-attachment":"scroll","background-type":"","background-media":"","overlay-type":"","overlay-color":"","overlay-gradient":""}},"ast-content-background-meta":{"desktop":{"background-color":"var(--ast-global-color-5)","background-image":"","background-repeat":"repeat","background-position":"center center","background-size":"auto","background-attachment":"scroll","background-type":"","background-media":"","overlay-type":"","overlay-color":"","overlay-gradient":""},"tablet":{"background-color":"var(--ast-global-color-5)","background-image":"","background-repeat":"repeat","background-position":"center center","background-size":"auto","background-attachment":"scroll","background-type":"","background-media":"","overlay-type":"","overlay-color":"","overlay-gradient":""},"mobile":{"background-color":"var(--ast-global-color-5)","background-image":"","background-repeat":"repeat","background-position":"center center","background-size":"auto","background-attachment":"scroll","background-type":"","background-media":"","overlay-type":"","overlay-color":"","overlay-gradient":""}}},"product_cat":[116],"product_tag":[119],"jetpack_sharing_enabled":true,"_links":{"self":[{"href":"https:\/\/bimscreation.com\/index.php\/wp-json\/wp\/v2\/product\/6205"}],"collection":[{"href":"https:\/\/bimscreation.com\/index.php\/wp-json\/wp\/v2\/product"}],"about":[{"href":"https:\/\/bimscreation.com\/index.php\/wp-json\/wp\/v2\/types\/product"}],"replies":[{"embeddable":true,"href":"https:\/\/bimscreation.com\/index.php\/wp-json\/wp\/v2\/comments?post=6205"}],"wp:featuredmedia":[{"embeddable":true,"href":"https:\/\/bimscreation.com\/index.php\/wp-json\/wp\/v2\/media\/6230"}],"wp:attachment":[{"href":"https:\/\/bimscreation.com\/index.php\/wp-json\/wp\/v2\/media?parent=6205"}],"wp:term":[{"taxonomy":"product_cat","embeddable":true,"href":"https:\/\/bimscreation.com\/index.php\/wp-json\/wp\/v2\/product_cat?post=6205"},{"taxonomy":"product_tag","embeddable":true,"href":"https:\/\/bimscreation.com\/index.php\/wp-json\/wp\/v2\/product_tag?post=6205"}],"curies":[{"name":"wp","href":"https:\/\/api.w.org\/{rel}","templated":true}]}}