{"id":6256,"date":"2025-03-19T23:30:12","date_gmt":"2025-03-19T22:30:12","guid":{"rendered":"https:\/\/bimscreation.com\/?post_type=product&#038;p=6256"},"modified":"2025-10-08T22:52:55","modified_gmt":"2025-10-08T21:52:55","slug":"great-woman-small-size","status":"publish","type":"product","link":"https:\/\/bimscreation.com\/index.php\/product\/great-woman-small-size\/","title":{"rendered":"Great Woman (small size)"},"content":{"rendered":"<p>Je suis le fameux sac \u00ab GREAT WOMAN \u00bb. De ma belle forme bien ronde, je suis assez spacieux pour embellir votre look et garder en toute s\u00e9curit\u00e9 vos objets au quotidien ! Le petit ruban au rabat me procure un charme particulier. Je suis enti\u00e8rement du \u00ab handmade \u00bb et mesure 15*25cm.<\/p>\n","protected":false},"excerpt":{"rendered":"<p>Je suis le fameux sac \u00ab GREAT WOMAN \u00bb. De ma belle forme bien ronde, je suis assez spacieux pour embellir votre look et garder en toute s\u00e9curit\u00e9 vos objets au quotidien ! Le petit ruban au rabat me procure un charme particulier. Je suis enti\u00e8rement du \u00ab handmade \u00bb et mesure 15*25cm.<\/p>\n","protected":false},"featured_media":6215,"comment_status":"open","ping_status":"closed","template":"","meta":{"om_disable_all_campaigns":false,"_monsterinsights_skip_tracking":false,"_monsterinsights_sitenote_active":false,"_monsterinsights_sitenote_note":"","_monsterinsights_sitenote_category":0,"site-sidebar-layout":"default","site-content-layout":"","ast-site-content-layout":"default","site-content-style":"default","site-sidebar-style":"default","ast-global-header-display":"","ast-banner-title-visibility":"","ast-main-header-display":"","ast-hfb-above-header-display":"","ast-hfb-below-header-display":"","ast-hfb-mobile-header-display":"","site-post-title":"","ast-breadcrumbs-content":"","ast-featured-img":"","footer-sml-layout":"","theme-transparent-header-meta":"default","adv-header-id-meta":"","stick-header-meta":"","header-above-stick-meta":"","header-main-stick-meta":"","header-below-stick-meta":"","astra-migrate-meta-layouts":"set","ast-page-background-enabled":"default","ast-page-background-meta":{"desktop":{"background-color":"var(--ast-global-color-4)","background-image":"","background-repeat":"repeat","background-position":"center center","background-size":"auto","background-attachment":"scroll","background-type":"","background-media":"","overlay-type":"","overlay-color":"","overlay-gradient":""},"tablet":{"background-color":"","background-image":"","background-repeat":"repeat","background-position":"center center","background-size":"auto","background-attachment":"scroll","background-type":"","background-media":"","overlay-type":"","overlay-color":"","overlay-gradient":""},"mobile":{"background-color":"","background-image":"","background-repeat":"repeat","background-position":"center center","background-size":"auto","background-attachment":"scroll","background-type":"","background-media":"","overlay-type":"","overlay-color":"","overlay-gradient":""}},"ast-content-background-meta":{"desktop":{"background-color":"var(--ast-global-color-5)","background-image":"","background-repeat":"repeat","background-position":"center center","background-size":"auto","background-attachment":"scroll","background-type":"","background-media":"","overlay-type":"","overlay-color":"","overlay-gradient":""},"tablet":{"background-color":"var(--ast-global-color-5)","background-image":"","background-repeat":"repeat","background-position":"center center","background-size":"auto","background-attachment":"scroll","background-type":"","background-media":"","overlay-type":"","overlay-color":"","overlay-gradient":""},"mobile":{"background-color":"var(--ast-global-color-5)","background-image":"","background-repeat":"repeat","background-position":"center center","background-size":"auto","background-attachment":"scroll","background-type":"","background-media":"","overlay-type":"","overlay-color":"","overlay-gradient":""}}},"product_cat":[116],"product_tag":[122],"jetpack_sharing_enabled":true,"_links":{"self":[{"href":"https:\/\/bimscreation.com\/index.php\/wp-json\/wp\/v2\/product\/6256"}],"collection":[{"href":"https:\/\/bimscreation.com\/index.php\/wp-json\/wp\/v2\/product"}],"about":[{"href":"https:\/\/bimscreation.com\/index.php\/wp-json\/wp\/v2\/types\/product"}],"replies":[{"embeddable":true,"href":"https:\/\/bimscreation.com\/index.php\/wp-json\/wp\/v2\/comments?post=6256"}],"wp:featuredmedia":[{"embeddable":true,"href":"https:\/\/bimscreation.com\/index.php\/wp-json\/wp\/v2\/media\/6215"}],"wp:attachment":[{"href":"https:\/\/bimscreation.com\/index.php\/wp-json\/wp\/v2\/media?parent=6256"}],"wp:term":[{"taxonomy":"product_cat","embeddable":true,"href":"https:\/\/bimscreation.com\/index.php\/wp-json\/wp\/v2\/product_cat?post=6256"},{"taxonomy":"product_tag","embeddable":true,"href":"https:\/\/bimscreation.com\/index.php\/wp-json\/wp\/v2\/product_tag?post=6256"}],"curies":[{"name":"wp","href":"https:\/\/api.w.org\/{rel}","templated":true}]}}