{"id":6367,"date":"2025-09-09T08:36:46","date_gmt":"2025-09-09T07:36:46","guid":{"rendered":"https:\/\/bimscreation.com\/?post_type=product&#038;p=6367"},"modified":"2026-02-10T03:20:12","modified_gmt":"2026-02-10T02:20:12","slug":"collection-rhassila","status":"publish","type":"product","link":"https:\/\/bimscreation.com\/index.php\/product\/collection-rhassila\/","title":{"rendered":"Collection \u00ab\u00a0RHASSILA\u00a0\u00bb"},"content":{"rendered":"<p>Le sac \u00ab RHASSILA \u00bb est un sac \u00e9l\u00e9gant, con\u00e7u pour \u00eatre port\u00e9 lors de vos occasions sp\u00e9ciales et soir\u00e9es sophistiqu\u00e9es. Il vous d\u00e9marquera par la particularit\u00e9 de sa forme et la touche de charisme qu\u2019il vous apportera.<br \/>\nD\u00e9tails du sac :<br \/>\n&#8211; Mati\u00e8re : Cuir, soie<br \/>\n&#8211; Dimensions : 14*22cm<br \/>\nPrix : 32.000fcfa<\/p>\n","protected":false},"excerpt":{"rendered":"<p>Le sac \u00ab RHASSILA \u00bb est un sac \u00e9l\u00e9gant, con\u00e7u pour \u00eatre port\u00e9 lors de vos occasions sp\u00e9ciales et soir\u00e9es sophistiqu\u00e9es. Il vous d\u00e9marquera par la particularit\u00e9 de sa forme et la touche de charisme qu\u2019il vous apportera. D\u00e9tails du sac : &#8211; Mati\u00e8re : Cuir, soie &#8211; Dimensions : 14*22cm Prix : 32.000fcfa<\/p>\n","protected":false},"featured_media":6368,"comment_status":"open","ping_status":"closed","template":"","meta":{"om_disable_all_campaigns":false,"_monsterinsights_skip_tracking":false,"_monsterinsights_sitenote_active":false,"_monsterinsights_sitenote_note":"","_monsterinsights_sitenote_category":0,"site-sidebar-layout":"default","site-content-layout":"","ast-site-content-layout":"default","site-content-style":"default","site-sidebar-style":"default","ast-global-header-display":"","ast-banner-title-visibility":"","ast-main-header-display":"","ast-hfb-above-header-display":"","ast-hfb-below-header-display":"","ast-hfb-mobile-header-display":"","site-post-title":"","ast-breadcrumbs-content":"","ast-featured-img":"","footer-sml-layout":"","theme-transparent-header-meta":"default","adv-header-id-meta":"","stick-header-meta":"","header-above-stick-meta":"","header-main-stick-meta":"","header-below-stick-meta":"","astra-migrate-meta-layouts":"set","ast-page-background-enabled":"default","ast-page-background-meta":{"desktop":{"background-color":"var(--ast-global-color-4)","background-image":"","background-repeat":"repeat","background-position":"center center","background-size":"auto","background-attachment":"scroll","background-type":"","background-media":"","overlay-type":"","overlay-color":"","overlay-gradient":""},"tablet":{"background-color":"","background-image":"","background-repeat":"repeat","background-position":"center center","background-size":"auto","background-attachment":"scroll","background-type":"","background-media":"","overlay-type":"","overlay-color":"","overlay-gradient":""},"mobile":{"background-color":"","background-image":"","background-repeat":"repeat","background-position":"center center","background-size":"auto","background-attachment":"scroll","background-type":"","background-media":"","overlay-type":"","overlay-color":"","overlay-gradient":""}},"ast-content-background-meta":{"desktop":{"background-color":"var(--ast-global-color-5)","background-image":"","background-repeat":"repeat","background-position":"center center","background-size":"auto","background-attachment":"scroll","background-type":"","background-media":"","overlay-type":"","overlay-color":"","overlay-gradient":""},"tablet":{"background-color":"var(--ast-global-color-5)","background-image":"","background-repeat":"repeat","background-position":"center center","background-size":"auto","background-attachment":"scroll","background-type":"","background-media":"","overlay-type":"","overlay-color":"","overlay-gradient":""},"mobile":{"background-color":"var(--ast-global-color-5)","background-image":"","background-repeat":"repeat","background-position":"center center","background-size":"auto","background-attachment":"scroll","background-type":"","background-media":"","overlay-type":"","overlay-color":"","overlay-gradient":""}}},"product_cat":[116],"product_tag":[127],"jetpack_sharing_enabled":true,"_links":{"self":[{"href":"https:\/\/bimscreation.com\/index.php\/wp-json\/wp\/v2\/product\/6367"}],"collection":[{"href":"https:\/\/bimscreation.com\/index.php\/wp-json\/wp\/v2\/product"}],"about":[{"href":"https:\/\/bimscreation.com\/index.php\/wp-json\/wp\/v2\/types\/product"}],"replies":[{"embeddable":true,"href":"https:\/\/bimscreation.com\/index.php\/wp-json\/wp\/v2\/comments?post=6367"}],"wp:featuredmedia":[{"embeddable":true,"href":"https:\/\/bimscreation.com\/index.php\/wp-json\/wp\/v2\/media\/6368"}],"wp:attachment":[{"href":"https:\/\/bimscreation.com\/index.php\/wp-json\/wp\/v2\/media?parent=6367"}],"wp:term":[{"taxonomy":"product_cat","embeddable":true,"href":"https:\/\/bimscreation.com\/index.php\/wp-json\/wp\/v2\/product_cat?post=6367"},{"taxonomy":"product_tag","embeddable":true,"href":"https:\/\/bimscreation.com\/index.php\/wp-json\/wp\/v2\/product_tag?post=6367"}],"curies":[{"name":"wp","href":"https:\/\/api.w.org\/{rel}","templated":true}]}}